{"id":2770,"date":"2023-01-13T18:10:40","date_gmt":"2023-01-13T17:10:40","guid":{"rendered":"https:\/\/bike-zentrum.de\/auto-draft\/"},"modified":"2023-03-30T12:12:29","modified_gmt":"2023-03-30T10:12:29","slug":"contact","status":"publish","type":"page","link":"https:\/\/bike-zentrum.de\/fr\/contact\/","title":{"rendered":"Contact"},"content":{"rendered":"\n\t<section class=\"section\" id=\"section_667280386\">\n\t\t<div class=\"section-bg fill\" >\n\t\t\t<img loading=\"lazy\" decoding=\"async\" width=\"2560\" height=\"1727\" src=\"https:\/\/bike-zentrum.de\/wp-content\/uploads\/2021\/05\/BB5I5807-scaled.jpg\" class=\"bg attachment-original size-original\" alt=\"\" \/>\t\t\t\t\t\t<div class=\"section-bg-overlay absolute fill\"><\/div>\n\t\t\t\n\n\t\t<\/div>\n\n\t\t\n\n\t\t<div class=\"section-content relative\">\n\t\t\t\n<div class=\"row row-collapse align-center\" style=\"max-width:\" id=\"row-1693820818\">\n\n\t<div id=\"col-494376363\" class=\"col small-12 large-12\"  >\n\t\t\t\t<div class=\"col-inner text-center dark\"  >\n\t\t\t\n\t\t\t\n\t\t<\/div>\n\t\t\t\t\n<style>\n#col-494376363 > .col-inner {\n  padding: 100px 20px 200px 0px;\n}\n@media (min-width:550px) {\n  #col-494376363 > .col-inner {\n    padding: 100px 0px 200px 0px;\n  }\n}\n<\/style>\n\t<\/div>\n\n\t\n<\/div>\n\t\t<\/div>\n\n\t\t\n<style>\n#section_667280386 {\n  padding-top: 0px;\n  padding-bottom: 0px;\n  min-height: 750px;\n}\n#section_667280386 .section-bg-overlay {\n  background-color: rgba(0, 0, 0, 0.12);\n}\n#section_667280386 .section-bg img {\n  object-position: 61% 48%;\n}\n@media (min-width:550px) {\n  #section_667280386 {\n    padding-top: 0px;\n    padding-bottom: 0px;\n  }\n  #section_667280386 .section-bg-overlay {\n    background-color: rgba(0, 0, 0, 0.21);\n  }\n}\n@media (min-width:850px) {\n  #section_667280386 {\n    padding-top: 40px;\n    padding-bottom: 40px;\n  }\n  #section_667280386 .section-bg-overlay {\n    background-color: rgba(0, 0, 0, 0.12);\n  }\n}\n<\/style>\n\t<\/section>\n\t\n<div class=\"row row-collapse row-full-width\"  id=\"row-1513417234\">\n\n\t<div id=\"col-621247554\" class=\"col small-12 large-12\"  >\n\t\t\t\t<div class=\"col-inner\"  >\n\t\t\t\n\t\t\t\n\t\t<\/div>\n\t\t\t\t\n<style>\n#col-621247554 > .col-inner {\n  padding: 0px 30px 0px 30px;\n}\n<\/style>\n\t<\/div>\n\n\t\n<\/div>\n<div class=\"row row-large\" style=\"max-width:1400px\" id=\"row-498383537\">\n\n\t<div id=\"col-1494793393\" class=\"col small-12 large-12\"  >\n\t\t\t\t<div class=\"col-inner\" style=\"background-color:rgb(255, 255, 255);\" >\n\t\t\t\n\t\t\t\n<div class=\"row row-collapse row-full-width\"  id=\"row-813227155\">\n\n\t<div id=\"col-26560581\" class=\"col medium-12 small-12 large-6\"  >\n\t\t\t\t<div class=\"col-inner\"  >\n\t\t\t\n\t\t\t\n<h2><span style=\"font-size: 120%;\">Contactez-nous<\/span><\/h2>\n<p>Etiam rhoncus. Maecenas tempus, tellus eget condimentum rham.<\/p>\n\t<div id=\"gap-510451891\" class=\"gap-element clearfix\" style=\"display:block; height:auto;\">\n\t\t\n<style>\n#gap-510451891 {\n  padding-top: 20px;\n}\n@media (min-width:550px) {\n  #gap-510451891 {\n    padding-top: 20px;\n  }\n}\n@media (min-width:850px) {\n  #gap-510451891 {\n    padding-top: 30px;\n  }\n}\n<\/style>\n\t<\/div>\n\t\n<div class=\"row\"  id=\"row-1188299441\">\n\n\t<div id=\"col-1091368625\" class=\"col medium-6 small-12 large-6\"  >\n\t\t\t\t<div class=\"col-inner\"  >\n\t\t\t\n\t\t\t\n\t<div class=\"img has-hover x md-x lg-x y md-y lg-y\" id=\"image_1258135230\">\n\t\t\t\t\t\t\t\t<div class=\"img-inner dark\" >\n\t\t\t\t\t\t\t\t\t\n\t\t\t\t\t<\/div>\n\t\t\t\t\t\t\t\t\n<style>\n#image_1258135230 {\n  width: 15%;\n}\n@media (min-width:550px) {\n  #image_1258135230 {\n    width: 20%;\n  }\n}\n<\/style>\n\t<\/div>\n\t\n<h4>Adresse<\/h4>\n<p>Bahnhofstra\u00dfe 2<br \/>\n77836 Rheinm\u00fcnster-Schwarzach<\/p>\n\t\t<\/div>\n\t\t\t\t\t<\/div>\n\n\t\n\n\t<div id=\"col-1556447980\" class=\"col medium-5 small-12 large-6\"  >\n\t\t\t\t<div class=\"col-inner\"  >\n\t\t\t\n\t\t\t\n\t<div class=\"img has-hover x md-x lg-x y md-y lg-y\" id=\"image_648684186\">\n\t\t\t\t\t\t\t\t<div class=\"img-inner dark\" >\n\t\t\t\t\t\t\t\t\t\n\t\t\t\t\t<\/div>\n\t\t\t\t\t\t\t\t\n<style>\n#image_648684186 {\n  width: 15%;\n}\n@media (min-width:550px) {\n  #image_648684186 {\n    width: 20%;\n  }\n}\n<\/style>\n\t<\/div>\n\t\n<h4>Heures d&rsquo;ouverture<\/h4>\n<p>Du lundi au vendredi :<br \/>\nde 08:00 \u00e0 13:00 heures<br \/>\net de 15h00 \u00e0 18h00<\/p>\n<p>samedi : de 10h00 \u00e0 14h00<\/p>\n\t\t<\/div>\n\t\t\t\t\t<\/div>\n\n\t\n<\/div>\n<div class=\"row\"  id=\"row-406502317\">\n\n\t<div id=\"col-2069778751\" class=\"col medium-6 small-12 large-6\"  >\n\t\t\t\t<div class=\"col-inner\"  >\n\t\t\t\n\t\t\t\n\t<div class=\"img has-hover x md-x lg-x y md-y lg-y\" id=\"image_1669087121\">\n\t\t\t\t\t\t\t\t<div class=\"img-inner dark\" >\n\t\t\t\t\t\t\t\t\t\n\t\t\t\t\t<\/div>\n\t\t\t\t\t\t\t\t\n<style>\n#image_1669087121 {\n  width: 15%;\n}\n@media (min-width:550px) {\n  #image_1669087121 {\n    width: 20%;\n  }\n}\n<\/style>\n\t<\/div>\n\t\n<h4>E-mail<\/h4>\n<p><a href=\"&#x6d;&#97;&#x69;&#x6c;&#116;&#x6f;&#58;i&#x6e;&#102;o&#x40;&#98;i&#x6b;&#101;-&#x7a;&#101;&#x6e;&#x74;&#114;&#x75;&#x6d;&#46;&#x64;&#101;\">&#105;&#x6e;f&#111;&#x40;b&#105;&#x6b;e&#45;&#x7a;e&#110;&#x74;r&#117;&#x6d;&#46;&#100;&#x65;<\/a><\/p>\n\t\t<\/div>\n\t\t\t\t\t<\/div>\n\n\t\n\n\t<div id=\"col-409689614\" class=\"col medium-6 small-12 large-6\"  >\n\t\t\t\t<div class=\"col-inner\"  >\n\t\t\t\n\t\t\t\n\t<div class=\"img has-hover x md-x lg-x y md-y lg-y\" id=\"image_950756714\">\n\t\t\t\t\t\t\t\t<div class=\"img-inner dark\" >\n\t\t\t\t\t\t\t\t\t\n\t\t\t\t\t<\/div>\n\t\t\t\t\t\t\t\t\n<style>\n#image_950756714 {\n  width: 15%;\n}\n@media (min-width:550px) {\n  #image_950756714 {\n    width: 20%;\n  }\n}\n<\/style>\n\t<\/div>\n\t\n<h3 class=\"uppercase\">phone<\/h3>\n<p>+49 7227 50560<\/p>\n\t\t<\/div>\n\t\t\t\t\t<\/div>\n\n\t\n<\/div>\n\t\t<\/div>\n\t\t\t\t\n<style>\n#col-26560581 > .col-inner {\n  padding: 0px 0px 0px 20px;\n}\n<\/style>\n\t<\/div>\n\n\t\n\n\t<div id=\"col-109878950\" class=\"col medium-12 small-12 large-6\"  >\n\t\t\t\t<div class=\"col-inner\"  >\n\t\t\t\n\t\t\t\n<h2><span style=\"font-size: 120%;\">Posez une question<\/span><\/h2>\n\t<div id=\"gap-1304815598\" class=\"gap-element clearfix\" style=\"display:block; height:auto;\">\n\t\t\n<style>\n#gap-1304815598 {\n  padding-top: 20px;\n}\n@media (min-width:550px) {\n  #gap-1304815598 {\n    padding-top: 20px;\n  }\n}\n@media (min-width:850px) {\n  #gap-1304815598 {\n    padding-top: 30px;\n  }\n}\n<\/style>\n\t<\/div>\n\t\n\n<div class=\"wpcf7 no-js\" id=\"wpcf7-f2541-o1\" lang=\"de-DE\" dir=\"ltr\" data-wpcf7-id=\"2541\">\n<div class=\"screen-reader-response\"><p role=\"status\" aria-live=\"polite\" aria-atomic=\"true\"><\/p> <ul><\/ul><\/div>\n<form action=\"\/fr\/wp-json\/wp\/v2\/pages\/2770#wpcf7-f2541-o1\" method=\"post\" class=\"wpcf7-form init\" aria-label=\"Kontaktformular\" novalidate=\"novalidate\" data-status=\"init\">\n<fieldset class=\"hidden-fields-container\"><input type=\"hidden\" name=\"_wpcf7\" value=\"2541\" \/><input type=\"hidden\" name=\"_wpcf7_version\" value=\"6.1.5\" \/><input type=\"hidden\" name=\"_wpcf7_locale\" value=\"de_DE\" \/><input type=\"hidden\" name=\"_wpcf7_unit_tag\" value=\"wpcf7-f2541-o1\" \/><input type=\"hidden\" name=\"_wpcf7_container_post\" value=\"0\" \/><input type=\"hidden\" name=\"_wpcf7_posted_data_hash\" value=\"\" \/>\n<\/fieldset>\n<p>Wie d\u00fcrfen wir Sie ansprechen?\n<\/p>\n<p><span class=\"wpcf7-form-control-wrap\" data-name=\"your-name\"><input size=\"40\" maxlength=\"400\" class=\"wpcf7-form-control wpcf7-text wpcf7-validates-as-required\" autocomplete=\"name\" aria-required=\"true\" aria-invalid=\"false\" placeholder=\"Max Mustermann\" value=\"\" type=\"text\" name=\"your-name\" \/><\/span>\n<\/p>\n<p>Telefonnummer (optional):\n<\/p>\n<p><span class=\"wpcf7-form-control-wrap\" data-name=\"tel-112\"><input size=\"40\" maxlength=\"400\" class=\"wpcf7-form-control wpcf7-tel wpcf7-text wpcf7-validates-as-tel\" aria-invalid=\"false\" placeholder=\"z.\u202fB. 0151 23456789\" value=\"\" type=\"tel\" name=\"tel-112\" \/><\/span>\n<\/p>\n<p>Wie lautet Ihre E-Mail-Adresse?\n<\/p>\n<p><span class=\"wpcf7-form-control-wrap\" data-name=\"your-email\"><input size=\"40\" maxlength=\"400\" class=\"wpcf7-form-control wpcf7-email wpcf7-validates-as-required wpcf7-text wpcf7-validates-as-email\" autocomplete=\"email\" aria-required=\"true\" aria-invalid=\"false\" placeholder=\"&#x6d;&#x61;&#x78;&#x40;&#x65;&#x78;&#x61;&#109;&#112;&#108;&#101;&#46;com\" value=\"\" type=\"email\" name=\"your-email\" \/><\/span>\n<\/p>\n<p>Was ist Ihr Anliegen?\n<\/p>\n<p><span class=\"wpcf7-form-control-wrap\" data-name=\"your-subject\"><input size=\"40\" maxlength=\"400\" class=\"wpcf7-form-control wpcf7-text wpcf7-validates-as-required\" aria-required=\"true\" aria-invalid=\"false\" placeholder=\"Allgemeine Anfrage, Termin, etc.\" value=\"\" type=\"text\" name=\"your-subject\" \/><\/span>\n<\/p>\n<p>Ihre Nachricht (optional):\n<\/p>\n<p><span class=\"wpcf7-form-control-wrap\" data-name=\"your-message\"><textarea cols=\"40\" rows=\"10\" maxlength=\"2000\" class=\"wpcf7-form-control wpcf7-textarea\" aria-invalid=\"false\" placeholder=\"Gerne k\u00f6nnen Sie uns hier weitere Informationen mitteilen \u2026\" name=\"your-message\"><\/textarea><\/span>\n<\/p>\n<p><span class=\"wpcf7-form-control-wrap\" data-name=\"acceptance-581\"><span class=\"wpcf7-form-control wpcf7-acceptance\"><span class=\"wpcf7-list-item\"><label><input type=\"checkbox\" name=\"acceptance-581\" value=\"1\" aria-invalid=\"false\" \/><span class=\"wpcf7-list-item-label\">Ich stimme der Verarbeitung meiner Angaben im Rahmen der Datenschutzerkl\u00e4rung zu.<\/span><\/label><\/span><\/span><\/span>\n<\/p>\n<p><input class=\"wpcf7-form-control wpcf7-submit has-spinner\" type=\"submit\" value=\"Senden\" \/>\n<\/p><input type='hidden' class='wpcf7-pum' value='{\"closepopup\":false,\"closedelay\":0,\"openpopup\":false,\"openpopup_id\":0}' \/><div class=\"frc-captcha \" data-sitekey=\"FCMO0BRER95N3CAO\" data-lang=\"fr\" ><\/div>\n\t\t<noscript>You need to enable Javascript for the anti-spam check.<\/noscript><div class=\"wpcf7-response-output\" aria-hidden=\"true\"><\/div>\n<\/form>\n<\/div>\n\n\t\t<\/div>\n\t\t\t\t\t<\/div>\n\n\t\n\n<style>\n#row-813227155 > .col > .col-inner {\n  padding: 0px 15px 0px 15px;\n}\n<\/style>\n<\/div>\n\t\t<\/div>\n\t\t\t\t\n<style>\n#col-1494793393 > .col-inner {\n  padding: 50px 20px 0px 20px;\n  margin: -0 0px 0px 0px;\n}\n@media (min-width:550px) {\n  #col-1494793393 > .col-inner {\n    padding: 50px 20px 30px 20px;\n    margin: 0 0px 0px 0px;\n  }\n}\n@media (min-width:850px) {\n  #col-1494793393 > .col-inner {\n    padding: 66px 5% 16px 5%;\n    margin: -150px 0px 0px 0px;\n  }\n}\n<\/style>\n\t<\/div>\n\n\t\n<\/div>\n<div class=\"row row-collapse row-full-width\"  id=\"row-1289460198\">\n\n\t<div id=\"col-688973020\" class=\"col small-12 large-12\"  >\n\t\t\t\t<div class=\"col-inner\"  >\n\t\t\t\n\t\t\t\n\n\t<script type=\"text\/javascript\">\n  jQuery( document ).ready(function() {\n    function initialize() {\n        var styles = {\n            'flatsome':  [{\n            \"featureType\": \"administrative\",\n            \"stylers\": [\n              { \"visibility\": \"on\" }\n            ]\n          },\n          {\n            \"featureType\": \"road\",\n            \"stylers\": [\n              { \"visibility\": \"on\" },\n              { \"hue\": \"\" }\n            ]\n          },\n          {\n            \"stylers\": [\n\t\t\t  { \"visibility\": \"on\" },\n\t\t\t  { \"hue\": \"\" },\n\t\t\t  { \"saturation\": -98 }\n            ]\n          }\n        ]};\n\n        var myLatlng = new google.maps.LatLng(61.75689, 6.81782);\n        var myOptions = {\n            zoom: 10,\n            center: myLatlng,\n            mapTypeId: google.maps.MapTypeId.ROADMAP,\n            disableDefaultUI: true,\n            mapTypeId: 'flatsome',\n            draggable: true,\n            zoomControl: false,\n            zoomControlOptions: {\n              position: google.maps.ControlPosition.TOP_LEFT\n            },\n      \t\t\tmapTypeControl: false,\n            mapTypeControlOptions: {\n              position: google.maps.ControlPosition.TOP_LEFT\n            },\n      \t\t\tstreetViewControl: false,\n            streetViewControlOptions: {\n              position: google.maps.ControlPosition.TOP_LEFT\n            },\n            scrollwheel: false,\n            disableDoubleClickZoom: true\n        }\n        var map = new google.maps.Map(document.getElementById(\"map-2834163823-inner\"), myOptions);\n        var styledMapType = new google.maps.StyledMapType(styles['flatsome'], {name: 'flatsome'});\n        map.mapTypes.set('flatsome', styledMapType);\n\n        var marker = new google.maps.Marker({\n            position: myLatlng,\n            map: map,\n            title:\"\"\n        });\n    }\n\n    \/\/ Required to proceed\n    if (!(typeof google === 'object' && typeof google.maps === 'object')) {\n      return\n    }\n\n    initialize()\n    google.maps.event.addDomListener(window, 'resize', initialize);\n    });\n    <\/script>\n\n    <div class=\"google-map relative mb\" id=\"map-2834163823\">\n        <div class=\"map-height\" id=\"map-2834163823-inner\"><\/div>\n        <div id=\"map_overlay_top\"><\/div>\n        <div id=\"map_overlay_bottom\"><\/div>\n         \n       \n<style>\n#map-2834163823 .map-inner {\n  background-color: #fff;\n  max-width: 100%;\n}\n#map-2834163823 .map-height {\n  height: 300px;\n}\n@media (min-width:550px) {\n  #map-2834163823 .map-inner {\n    max-width: 40%;\n  }\n  #map-2834163823 .map-height {\n    height: 600px;\n  }\n}\n@media (min-width:850px) {\n  #map-2834163823 .map-inner {\n    max-width: 0%;\n  }\n}\n<\/style>\n    <\/div>\n\n\t\n\t\t<\/div>\n\t\t\t\t\t<\/div>\n\n\t\n<\/div>\n","protected":false},"excerpt":{"rendered":"","protected":false},"author":1,"featured_media":0,"parent":0,"menu_order":0,"comment_status":"closed","ping_status":"closed","template":"page-blank.php","meta":{"footnotes":""},"class_list":["post-2770","page","type-page","status-publish","hentry"],"yoast_head":"<!-- This site is optimized with the Yoast SEO plugin v27.3 - https:\/\/yoast.com\/product\/yoast-seo-wordpress\/ -->\n<title>Contact - Bike-Zentrum Schwarzach<\/title>\n<meta name=\"description\" content=\"Bike-Zentrum \u00e0 Rheinm\u00fcnster Schwarzach - Vente, service, r\u00e9paration, leasing\" \/>\n<meta name=\"robots\" content=\"index, follow, max-snippet:-1, max-image-preview:large, max-video-preview:-1\" \/>\n<link rel=\"canonical\" href=\"https:\/\/bike-zentrum.de\/fr\/contact\/\" \/>\n<meta property=\"og:locale\" content=\"fr_FR\" \/>\n<meta property=\"og:type\" content=\"article\" \/>\n<meta property=\"og:title\" content=\"Contact - Bike-Zentrum Schwarzach\" \/>\n<meta property=\"og:description\" content=\"Bike-Zentrum \u00e0 Rheinm\u00fcnster Schwarzach - Vente, service, r\u00e9paration, leasing\" \/>\n<meta property=\"og:url\" content=\"https:\/\/bike-zentrum.de\/fr\/contact\/\" \/>\n<meta property=\"og:site_name\" content=\"Bike-Zentrum Schwarzach\" \/>\n<meta property=\"article:modified_time\" content=\"2023-03-30T10:12:29+00:00\" \/>\n<meta name=\"twitter:card\" content=\"summary_large_image\" \/>\n<meta name=\"twitter:label1\" content=\"Dur\u00e9e de lecture estim\u00e9e\" \/>\n\t<meta name=\"twitter:data1\" content=\"2 minutes\" \/>\n<script type=\"application\/ld+json\" class=\"yoast-schema-graph\">{\"@context\":\"https:\\\/\\\/schema.org\",\"@graph\":[{\"@type\":\"WebPage\",\"@id\":\"https:\\\/\\\/bike-zentrum.de\\\/fr\\\/contact\\\/\",\"url\":\"https:\\\/\\\/bike-zentrum.de\\\/fr\\\/contact\\\/\",\"name\":\"Contact - Bike-Zentrum Schwarzach\",\"isPartOf\":{\"@id\":\"https:\\\/\\\/bike-zentrum.de\\\/#website\"},\"datePublished\":\"2023-01-13T17:10:40+00:00\",\"dateModified\":\"2023-03-30T10:12:29+00:00\",\"description\":\"Bike-Zentrum \u00e0 Rheinm\u00fcnster Schwarzach - Vente, service, r\u00e9paration, leasing\",\"breadcrumb\":{\"@id\":\"https:\\\/\\\/bike-zentrum.de\\\/fr\\\/contact\\\/#breadcrumb\"},\"inLanguage\":\"fr-FR\",\"potentialAction\":[{\"@type\":\"ReadAction\",\"target\":[\"https:\\\/\\\/bike-zentrum.de\\\/fr\\\/contact\\\/\"]}]},{\"@type\":\"BreadcrumbList\",\"@id\":\"https:\\\/\\\/bike-zentrum.de\\\/fr\\\/contact\\\/#breadcrumb\",\"itemListElement\":[{\"@type\":\"ListItem\",\"position\":1,\"name\":\"Startseite\",\"item\":\"https:\\\/\\\/bike-zentrum.de\\\/fr\\\/\"},{\"@type\":\"ListItem\",\"position\":2,\"name\":\"Contact\"}]},{\"@type\":\"WebSite\",\"@id\":\"https:\\\/\\\/bike-zentrum.de\\\/#website\",\"url\":\"https:\\\/\\\/bike-zentrum.de\\\/\",\"name\":\"Bike-Zentrum Schwarzach\",\"description\":\"F\u00fcr jeden das passende Rad. Garantiert.\",\"potentialAction\":[{\"@type\":\"SearchAction\",\"target\":{\"@type\":\"EntryPoint\",\"urlTemplate\":\"https:\\\/\\\/bike-zentrum.de\\\/?s={search_term_string}\"},\"query-input\":{\"@type\":\"PropertyValueSpecification\",\"valueRequired\":true,\"valueName\":\"search_term_string\"}}],\"inLanguage\":\"fr-FR\"}]}<\/script>\n<!-- \/ Yoast SEO plugin. -->","yoast_head_json":{"title":"Contact - Bike-Zentrum Schwarzach","description":"Bike-Zentrum \u00e0 Rheinm\u00fcnster Schwarzach - Vente, service, r\u00e9paration, leasing","robots":{"index":"index","follow":"follow","max-snippet":"max-snippet:-1","max-image-preview":"max-image-preview:large","max-video-preview":"max-video-preview:-1"},"canonical":"https:\/\/bike-zentrum.de\/fr\/contact\/","og_locale":"fr_FR","og_type":"article","og_title":"Contact - Bike-Zentrum Schwarzach","og_description":"Bike-Zentrum \u00e0 Rheinm\u00fcnster Schwarzach - Vente, service, r\u00e9paration, leasing","og_url":"https:\/\/bike-zentrum.de\/fr\/contact\/","og_site_name":"Bike-Zentrum Schwarzach","article_modified_time":"2023-03-30T10:12:29+00:00","twitter_card":"summary_large_image","twitter_misc":{"Dur\u00e9e de lecture estim\u00e9e":"2 minutes"},"schema":{"@context":"https:\/\/schema.org","@graph":[{"@type":"WebPage","@id":"https:\/\/bike-zentrum.de\/fr\/contact\/","url":"https:\/\/bike-zentrum.de\/fr\/contact\/","name":"Contact - Bike-Zentrum Schwarzach","isPartOf":{"@id":"https:\/\/bike-zentrum.de\/#website"},"datePublished":"2023-01-13T17:10:40+00:00","dateModified":"2023-03-30T10:12:29+00:00","description":"Bike-Zentrum \u00e0 Rheinm\u00fcnster Schwarzach - Vente, service, r\u00e9paration, leasing","breadcrumb":{"@id":"https:\/\/bike-zentrum.de\/fr\/contact\/#breadcrumb"},"inLanguage":"fr-FR","potentialAction":[{"@type":"ReadAction","target":["https:\/\/bike-zentrum.de\/fr\/contact\/"]}]},{"@type":"BreadcrumbList","@id":"https:\/\/bike-zentrum.de\/fr\/contact\/#breadcrumb","itemListElement":[{"@type":"ListItem","position":1,"name":"Startseite","item":"https:\/\/bike-zentrum.de\/fr\/"},{"@type":"ListItem","position":2,"name":"Contact"}]},{"@type":"WebSite","@id":"https:\/\/bike-zentrum.de\/#website","url":"https:\/\/bike-zentrum.de\/","name":"Bike-Zentrum Schwarzach","description":"F\u00fcr jeden das passende Rad. Garantiert.","potentialAction":[{"@type":"SearchAction","target":{"@type":"EntryPoint","urlTemplate":"https:\/\/bike-zentrum.de\/?s={search_term_string}"},"query-input":{"@type":"PropertyValueSpecification","valueRequired":true,"valueName":"search_term_string"}}],"inLanguage":"fr-FR"}]}},"_links":{"self":[{"href":"https:\/\/bike-zentrum.de\/fr\/wp-json\/wp\/v2\/pages\/2770","targetHints":{"allow":["GET"]}}],"collection":[{"href":"https:\/\/bike-zentrum.de\/fr\/wp-json\/wp\/v2\/pages"}],"about":[{"href":"https:\/\/bike-zentrum.de\/fr\/wp-json\/wp\/v2\/types\/page"}],"author":[{"embeddable":true,"href":"https:\/\/bike-zentrum.de\/fr\/wp-json\/wp\/v2\/users\/1"}],"replies":[{"embeddable":true,"href":"https:\/\/bike-zentrum.de\/fr\/wp-json\/wp\/v2\/comments?post=2770"}],"version-history":[{"count":18,"href":"https:\/\/bike-zentrum.de\/fr\/wp-json\/wp\/v2\/pages\/2770\/revisions"}],"predecessor-version":[{"id":3108,"href":"https:\/\/bike-zentrum.de\/fr\/wp-json\/wp\/v2\/pages\/2770\/revisions\/3108"}],"wp:attachment":[{"href":"https:\/\/bike-zentrum.de\/fr\/wp-json\/wp\/v2\/media?parent=2770"}],"curies":[{"name":"wp","href":"https:\/\/api.w.org\/{rel}","templated":true}]}}