{"id":3252,"date":"2025-01-13T15:05:41","date_gmt":"2025-01-13T14:05:41","guid":{"rendered":"https:\/\/bike-zentrum.de\/service-prestations-copier-2\/"},"modified":"2025-01-13T15:23:53","modified_gmt":"2025-01-13T14:23:53","slug":"service-prestations-copier-2","status":"publish","type":"page","link":"https:\/\/bike-zentrum.de\/fr\/service-prestations-copier-2\/","title":{"rendered":"Boutique"},"content":{"rendered":"\n\t<section class=\"section\" id=\"section_730959512\">\n\t\t<div class=\"section-bg fill\" >\n\t\t\t<img loading=\"lazy\" decoding=\"async\" width=\"1800\" height=\"1201\" src=\"https:\/\/bike-zentrum.de\/wp-content\/uploads\/2025\/01\/shop_bike-zentrum.webp\" class=\"bg attachment-original size-original\" alt=\"Shop Bike-Zentrum\" \/>\t\t\t\t\t\t\n\t\t\t\n\n\t\t<\/div>\n\n\t\t\n\n\t\t<div class=\"section-content relative\">\n\t\t\t\n<div class=\"row\" style=\"max-width:1300px\" id=\"row-20487142\">\n\n\t<div id=\"col-438411784\" class=\"col medium-11 small-12 large-7\"  >\n\t\t\t\t<div class=\"col-inner\" style=\"background-color:#ffed00;\" >\n\t\t\t\n\t\t\t\n\t<div id=\"text-2397187207\" class=\"text\">\n\t\t\n<h2 class=\"uppercase\">Boutique<\/h2>\n\t\t\n<style>\n#text-2397187207 {\n  font-size: 0.75rem;\n}\n@media (min-width:550px) {\n  #text-2397187207 {\n    font-size: 2rem;\n  }\n}\n<\/style>\n\t<\/div>\n\t\n\t\t<\/div>\n\t\t\t\t\n<style>\n#col-438411784 > .col-inner {\n  padding: 30px 30px 10px 40px;\n}\n<\/style>\n\t<\/div>\n\n\t\n\n<style>\n#row-20487142 > .col > .col-inner {\n  background-color: rgb(255, 234, 139);\n}\n<\/style>\n<\/div>\n\t\t<\/div>\n\n\t\t\n<style>\n#section_730959512 {\n  padding-top: 40px;\n  padding-bottom: 40px;\n  min-height: 400px;\n}\n#section_730959512 .section-bg img {\n  object-position: 55% 45%;\n}\n@media (min-width:550px) {\n  #section_730959512 {\n    min-height: 600px;\n  }\n}\n@media (min-width:850px) {\n  #section_730959512 {\n    min-height: 750px;\n  }\n}\n<\/style>\n\t<\/section>\n\t\n\n\t<section class=\"section\" id=\"section_459545429\">\n\t\t<div class=\"section-bg fill\" >\n\t\t\t\t\t\t\t\t\t\n\t\t\t\n\n\t\t<\/div>\n\n\t\t\n\n\t\t<div class=\"section-content relative\">\n\t\t\t\n<div class=\"row\" style=\"max-width:1800px\" id=\"row-2018825510\">\n\n\t<div id=\"col-186690413\" class=\"col small-12 large-12\"  >\n\t\t\t\t<div class=\"col-inner\"  >\n\t\t\t\n\t\t\t\n\t\t<div class=\"hidden\">\n\t\t\t\t\n<p><!-- Bidex Fahrradkatalog V2 Content --><\/p>\n<style>:root {\n         --primary: #FFED00;\n         --primary-font-color: #000;\n         --light: #222;\n         --light-font-color: #000;\n         --lighter: #ffffff;\n         --lighter-font-color: #000;\n         --dark: #151515;\n         --dark-font-color: #fff;\n         --action: #FFED00;\n     }\n      #bl-content p, #bl-content icons span{\n         color: #fff !important;\n     }<\/p>\n<p>      #bl-content .bx-modal-title {\n           color: #fff !important;\n      }<\/p>\n<p>     #bl-content h1,  #bl-content h2,  #bl-content h3,  #bl-content h4,  #bl-content h5, #bl-content #bikeInfoVariants span {\n         color: #222 !important;\n     }\n     #bl-content #sidebar .bx-modal-content {\n         border-radius: 0px;\n         background-color: var(--dark);\n         color: #fff;\n     }\n     #bl-content .bx-btn {\n         border-radius: 0px !important;\n     }\n     #bl-content .bx-accordion .bx-btn {\n         border-radius: 0px !important;\n     }\n     #details .bx-list-unstyled .bx-text-black-50 {\n         color: #fff !important;\n     }\n     #bl-content #sign-left, #bl-content #sign-right {<\/p>\n<p>          background-color: var(--action) !important;\n     }\n     #bl-content .bx-btn-light {\n         color: #fff;\n         background-color: var(--dark);\n         border-color: #f8f9fa;\n     }<\/p>\n<p>         #bl-content .bx-btn-light:hover {\n             color: white;\n             background-color: var(--light);\n         }<\/p>\n<p>     #bl-content .bx-bg-light {\n         background-color: var(--dark) !important;\n     }\n      #bl-content .bikeBox .bx-bg-light {\n         background-color: #E9ECEF !important;\n     }\n     .bx-nav-item .bx-nav-link {\n         color: #fff !important;\n     }<\/p>\n<p>     .bx-list-group-horizontal .bx-bg-light {\n         color: #fff !important;\n     }<\/p>\n<p>     #bl-content .bx-text-black-50 {\n         color: #fff !important;\n     }<\/p>\n<p>     #bl-content main.shopBikeInfoDetails #details li.bx-border i.bidex {\n         background: var(--dark);\n         box-shadow: 1px 1px 9px 0px var(--dark);\n     }<\/p>\n<p>     .stickyButton .productscount {\n         background-color: var(--action) !important;\n         color: #000 !important;\n     }<\/p>\n<p>     .bx-list-group-horizontal .bx-bg-light a {\n         color: #fff !important;\n     }<\/p>\n<p>     #bl-content .bx-h5 {\n         font-family: inherit !important;\n     }<\/p>\n<p>     #bl-content #ajax-spinner .spinner::after {\n         border: 15px solid var(--primary);\n         border-color: var(--primary) transparent var(--primary) transparent;\n     }<\/p>\n<p>     #bl-content a {\n         color: var(--primary);\n     }<\/p>\n<p>         #bl-content a:hover {\n             color: var(--dark);\n         }\n           #bl-content .bx-breadcrumb .bx-breadcrumb-item a {\n           color: #333333 !important;\n      }<\/p>\n<p>     #bl-content #sidebar .bx-modal-content #filters #accordionKategorie .bx-card h5 a.bx-active,\n     #bl-content #sidebar-modal .bx-modal-content #filters #accordionKategorie .bx-card h5 a.bx-active,\n     #bl-content #sidebar .bx-modal-content #filters #accordionKategorie .bx-card .bx-card-body ul ul a.bx-active {\n         color: var(--primary-font-color);\n         background-color: var(--primary);\n     }<\/p>\n<p>         #bl-content #sidebar .bx-modal-content #filters #accordionKategorie .bx-card h5 a.bx-active:hover,\n         #bl-content #sidebar-modal .bx-modal-content #filters #accordionKategorie .bx-card h5 a.bx-active:hover,\n         #bl-content #sidebar .bx-modal-content #filters #accordionKategorie .bx-card h5 a:hover,\n         #bl-content #sidebar-modal .bx-modal-content #filters #accordionKategorie .bx-card h5 a:hover {\n             color: var(--dark-font-color);\n             background-color: var(--dark);\n         }<\/p>\n<p>     #bl-content #sidebar .bx-modal-content #filters #accordionKategorie .bx-card .bx-card-body ul a.bx-active,\n     #bl-content #sidebar-modal .bx-modal-content #filters #accordionKategorie .bx-card .bx-card-body ul a.bx-active {\n         color: var(--primary-font-color);\n         background-color: var(--primary);\n     }<\/p>\n<p>     #bl-content #sidebar .bx-modal-content #filters #accordionKategorie .bx-card .bx-card-body ul a,\n     #bl-content #sidebar-modal .bx-modal-content #filters #accordionKategorie .bx-card .bx-card-body ul a {\n         color: var(--lighter-font-color);\n         background-color: var(--lighter);\n     }<\/p>\n<p>     #bl-content .bx-btn-primary, #bl-content .bx-btn-primary:not(:disabled):not(.bx-disabled):active,\n     #bl-content .bx-btn-primary:not(:disabled):not(.bx-disabled).bx-active,\n     .bx-show > #bl-content .bx-btn-primary.bx-dropdown-toggle {\n         color: var(--primary-font-color);\n         background-color: var(--primary);\n         border-color: var(--primary);\n     }<\/p>\n<p>         #bl-content .bx-btn-primary:focus, #bl-content .bx-btn-primary.bx-focus {\n             color: var(--primary-font-color);\n             background-color: var(--primary);\n             border-color: var(--primary);\n             box-shadow: 0 0 0 .2rem var(--lighter);\n         }<\/p>\n<p>         #bl-content .bx-btn-primary:hover {\n             color: var(--dark-font-color);\n             background-color: var(--dark);\n             border-color: var(--dark);\n         }<\/p>\n<p>     .bikeInfoPlus #reservate {\n         background-color: var(--action) !important;\n         border-color: var(--action) !important;\n         color: #000 !important;\n     }<\/p>\n<p>     #bl-content #sidebar .bx-modal-content #slider-distance[slider] > div > [sign]::after,\n     #bl-content #sidebar-modal .bx-modal-content #slider-distance[slider] > div > [sign]::after {\n         border-top-color: var(--primary);\n     }<\/p>\n<p>     #bl-content #sidebar .bx-modal-content #slider-distance[slider] > div > [sign],\n     #bl-content #sidebar-modal .bx-modal-content #slider-distance[slider] > div > [sign],\n     #bl-content #sidebar .bx-modal-content #slider-distance[slider] > div > [range],\n     #bl-content #sidebar-modal .bx-modal-content #slider-distance[slider] > div > [range] {\n         color: var(--primary-font-color);\n         background-color: var(--primary);\n     }<\/p>\n<p>     #bl-content .bx-custom-control-input:checked ~ .bx-custom-control-label::before {\n         color: var(--primary-font-color);\n         background-color: var(--primary);\n         border-color: var(--primary);\n     }<\/p>\n<p>     #bl-content .bx-form-control:focus {\n         border-color: var(--light);\n         box-shadow: 0 0 0 .2rem var(--lighter);\n     }<\/p>\n<p>     #bl-content .bx-custom-control-input:focus:not(:checked) ~ .bx-custom-control-label::before {\n         border-color: var(--light);\n     }<\/p>\n<p>     #bl-content .bx-custom-control-input:focus ~ .bx-custom-control-label::before {\n         box-shadow: 0 0 0 .2rem var(--lighter);\n     }<\/p>\n<p>     #bl-content .bx-custom-control-input:not(:disabled):active ~ .bx-custom-control-label::before {\n         color: var(--light-font-color);\n         background-color: var(--light);\n         border-color: var(--light);\n     }<\/p>\n<p>     #bl-content main.shopBikeInfoDetails .bx-nav-tabs .bx-nav-link.bx-active span {\n         border-bottom: 4px solid var(--action);\n     }<\/p>\n<p>     #bl-content #accordionKategorie .bx-card h5 a.bx-active {\n         background-color: var(--primary);\n         color: #fff;\n         text-shadow: 1px 1px 0 rgb(0 0 0 \/ 32%);\n     }<\/p>\n<p>     #bl-content #accordionKategorie .bx-card h5 a:hover {\n         background-color: var(--dark);\n         color: #fff;\n     }<\/p>\n<p>     #bl-content #accordionKategorie .bx-card .bx-card-body ul a.bx-active {\n         background-color: var(--primary);\n         color: #fff;\n         text-shadow: 1px 1px 0 rgb(0 0 0 \/ 32%);\n     }<\/p>\n<p>     #bl-content input[type=radio],\n     #bl-content input[type=checkbox] {\n         accent-color: var(--primary);\n     }<\/p>\n<p>     .swal-button {\n         color: var(--primary-font-color);\n         background-color: var(--primary);\n     }<\/p>\n<p>         .swal-button:focus {\n             outline: none;\n             box-shadow: 0 0 0 1px #fff, 0 0 0 3px var(--lighter);\n         }<\/p>\n<p>         .swal-button:not([disabled]):hover {\n             color: var(--dark-font-color);\n             background-color: var(--dark);\n         }<\/p>\n<p>     .bx-card-header h5 {\n         width: 100%;\n     }<\/p>\n<p>     .bx-card-body .bx-h5 {\n         width: 100% !important;\n     }<\/p>\n<p>     #bl-content *:not(.fas):not(.fa):not(.far):not(h2 span):not(.bidex):not(.priceBox) {\n         font-family: inherit !important;\n     }<\/p>\n<p>     #bl-content .bx-card {\n         border: 0px solid rgba(0,0,0,.125) !important;\n         border-radius: 0 !important;\n     }<\/p>\n<p>     #bl-content main.shopBikeInfoList .bikeBox .bx-card {\n         box-shadow: 0px 0px 12px 0px #b7b7b7 !important;\n         transition: box-shadow .3s ease-in-out;\n         transition: padding .2s ease-in-out;\n     }<\/p>\n<p>     #bl-content div.priceBox div.price span.price {\n         display: inline-block;\n         font-size: 30px !important;\n         color: #dc3545;\n         font-family: Termina !important;\n     }<\/p>\n<p>     #bl-content main.shopBikeInfoDetails #details li.bx-border {\n         box-shadow: 0 0.5rem 1rem rgb(0 0 0 \/ 15%);\n         border: 0px !important;\n     }<\/p>\n<p>     #bl-content main.shopBikeInfoDetails ul.icons li {\n         display: flex;\n         align-items: baseline;\n     }<\/p>\n<p>     .fa-2x {\n         font-size: 1em;\n     }<\/p>\n<p>     #bl-content div.priceBox div.priceOld {\n         margin-top: -10px;\n         display: block;\n         background-color: #E9ECEF !important;\n     }\n <\/style>\n<div id=\"BidexCatalog\"><\/div>\n<p><script src=\"\/\/2.local.bidex.bike\/Scripts\/catalog.min.js\"><\/script><script>window.BidexCatalog({IDShop: 16702, target: '#BidexCatalog', InitialBidexGroup:'12' });<\/script><!-- END Bidex Fahrradkatalog V2 Content --><br \/>\n\t\t<\/div>\n\t\n\n<p><!-- Bidex Fahrradkatalog V2 Content --><\/p>\n<style>:root {\n        --primary: #FFED00;\n        --primary-font-color: #000;\n        --light: #222;\n        --light-font-color: #000;\n        --lighter: #ffffff;\n        --lighter-font-color: #000;\n        --dark: #151515;\n        --dark-font-color: #fff;\n        --action: #FFED00;\n    }<\/p>\n<p>    #label {\n        color: #ffffff; \/* Schriftfarbe f\u00fcr #label *\/\n    }<\/p>\n<p>    \/* Stil f\u00fcr Full-Width-Container *\/\n    #bl-content {\n        width: 100%; \/* Full Width *\/\n        margin: 0;\n        padding: 0;\n        box-sizing: border-box;\n    }<\/p>\n<p>    #bl-content p, #bl-content icons span {\n        color: #fff !important;\n    }<\/p>\n<p>    #bl-content .bx-modal-title {\n        color: #fff !important;\n    }<\/p>\n<p>    #bl-content h1, #bl-content h2, #bl-content h3, #bl-content h4, #bl-content h5, \n    #bl-content #bikeInfoVariants span {\n        color: #222 !important;\n    }<\/p>\n<p>    #bl-content #sidebar .bx-modal-content {\n        border-radius: 0px;\n        background-color: var(--dark);\n        color: #fff;\n    }<\/p>\n<p>    #bl-content .bx-btn {\n        border-radius: 0px !important;\n    }<\/p>\n<p>    #bl-content .bx-accordion .bx-btn {\n        border-radius: 0px !important;\n    }<\/p>\n<p>    #details .bx-list-unstyled .bx-text-black-50 {\n        color: #fff !important;\n    }<\/p>\n<p>    #bl-content #sign-left, #bl-content #sign-right {\n        background-color: var(--action) !important;\n    }\n<\/style>\n<div id=\"BidexCatalog\"><\/div>\n<p><script src=\"\/\/2.local.bidex.bike\/Scripts\/catalog.min.js\"><\/script><script>window.BidexCatalog({\n        IDShop: 16702, \n        target: '#BidexCatalog', \n        InitialBidexGroup: '12'\n    });\n<\/script><!-- END Bidex Fahrradkatalog V2 Content --><br \/>\n\n\t\t<\/div>\n\t\t\t\t\t<\/div>\n\n\t\n<\/div>\n\t\t<\/div>\n\n\t\t\n<style>\n#section_459545429 {\n  padding-top: 30px;\n  padding-bottom: 30px;\n}\n<\/style>\n\t<\/section>\n\t\n\n\t<div id=\"gap-1193158170\" class=\"gap-element clearfix show-for-small\" style=\"display:block; height:auto;\">\n\t\t\n<style>\n#gap-1193158170 {\n  padding-top: 142px;\n}\n@media (min-width:550px) {\n  #gap-1193158170 {\n    padding-top: 30px;\n  }\n}\n<\/style>\n\t<\/div>\n\t\n","protected":false},"excerpt":{"rendered":"","protected":false},"author":1,"featured_media":0,"parent":0,"menu_order":20,"comment_status":"closed","ping_status":"closed","template":"page-blank.php","meta":{"footnotes":""},"class_list":["post-3252","page","type-page","status-publish","hentry"],"yoast_head":"<!-- This site is optimized with the Yoast SEO plugin v27.5 - https:\/\/yoast.com\/product\/yoast-seo-wordpress\/ -->\n<title>Boutique - Bike-Zentrum Schwarzach<\/title>\n<meta name=\"description\" content=\"Nous sommes \u00e0 votre disposition pour vous informer de mani\u00e8re comp\u00e9tente et sans engagement sur les d\u00e9tails des diff\u00e9rentes prestations que notre \u00e9quipe Bike-Zentrum vous propose.\" \/>\n<meta name=\"robots\" content=\"index, follow, max-snippet:-1, max-image-preview:large, max-video-preview:-1\" \/>\n<link rel=\"canonical\" href=\"https:\/\/bike-zentrum.de\/shop\/\" \/>\n<meta property=\"og:locale\" content=\"fr_FR\" \/>\n<meta property=\"og:type\" content=\"article\" \/>\n<meta property=\"og:title\" content=\"Boutique - Bike-Zentrum Schwarzach\" \/>\n<meta property=\"og:description\" content=\"Nous sommes \u00e0 votre disposition pour vous informer de mani\u00e8re comp\u00e9tente et sans engagement sur les d\u00e9tails des diff\u00e9rentes prestations que notre \u00e9quipe Bike-Zentrum vous propose.\" \/>\n<meta property=\"og:url\" content=\"https:\/\/bike-zentrum.de\/shop\/\" \/>\n<meta property=\"og:site_name\" content=\"Bike-Zentrum Schwarzach\" \/>\n<meta property=\"article:modified_time\" content=\"2025-01-13T14:23:53+00:00\" \/>\n<meta name=\"twitter:card\" content=\"summary_large_image\" \/>\n<meta name=\"twitter:label1\" content=\"Dur\u00e9e de lecture estim\u00e9e\" \/>\n\t<meta name=\"twitter:data1\" content=\"1 minute\" \/>\n<script type=\"application\/ld+json\" class=\"yoast-schema-graph\">{\"@context\":\"https:\\\/\\\/schema.org\",\"@graph\":[{\"@type\":\"WebPage\",\"@id\":\"https:\\\/\\\/bike-zentrum.de\\\/shop\\\/\",\"url\":\"https:\\\/\\\/bike-zentrum.de\\\/shop\\\/\",\"name\":\"Boutique - Bike-Zentrum Schwarzach\",\"isPartOf\":{\"@id\":\"https:\\\/\\\/bike-zentrum.de\\\/#website\"},\"datePublished\":\"2025-01-13T14:05:41+00:00\",\"dateModified\":\"2025-01-13T14:23:53+00:00\",\"description\":\"Nous sommes \u00e0 votre disposition pour vous informer de mani\u00e8re comp\u00e9tente et sans engagement sur les d\u00e9tails des diff\u00e9rentes prestations que notre \u00e9quipe Bike-Zentrum vous propose.\",\"breadcrumb\":{\"@id\":\"https:\\\/\\\/bike-zentrum.de\\\/shop\\\/#breadcrumb\"},\"inLanguage\":\"fr-FR\",\"potentialAction\":[{\"@type\":\"ReadAction\",\"target\":[\"https:\\\/\\\/bike-zentrum.de\\\/shop\\\/\"]}]},{\"@type\":\"BreadcrumbList\",\"@id\":\"https:\\\/\\\/bike-zentrum.de\\\/shop\\\/#breadcrumb\",\"itemListElement\":[{\"@type\":\"ListItem\",\"position\":1,\"name\":\"Startseite\",\"item\":\"https:\\\/\\\/bike-zentrum.de\\\/fr\\\/\"},{\"@type\":\"ListItem\",\"position\":2,\"name\":\"Boutique\"}]},{\"@type\":\"WebSite\",\"@id\":\"https:\\\/\\\/bike-zentrum.de\\\/#website\",\"url\":\"https:\\\/\\\/bike-zentrum.de\\\/\",\"name\":\"Bike-Zentrum Schwarzach\",\"description\":\"F\u00fcr jeden das passende Rad. Garantiert.\",\"potentialAction\":[{\"@type\":\"SearchAction\",\"target\":{\"@type\":\"EntryPoint\",\"urlTemplate\":\"https:\\\/\\\/bike-zentrum.de\\\/?s={search_term_string}\"},\"query-input\":{\"@type\":\"PropertyValueSpecification\",\"valueRequired\":true,\"valueName\":\"search_term_string\"}}],\"inLanguage\":\"fr-FR\"}]}<\/script>\n<!-- \/ Yoast SEO plugin. -->","yoast_head_json":{"title":"Boutique - Bike-Zentrum Schwarzach","description":"Nous sommes \u00e0 votre disposition pour vous informer de mani\u00e8re comp\u00e9tente et sans engagement sur les d\u00e9tails des diff\u00e9rentes prestations que notre \u00e9quipe Bike-Zentrum vous propose.","robots":{"index":"index","follow":"follow","max-snippet":"max-snippet:-1","max-image-preview":"max-image-preview:large","max-video-preview":"max-video-preview:-1"},"canonical":"https:\/\/bike-zentrum.de\/shop\/","og_locale":"fr_FR","og_type":"article","og_title":"Boutique - Bike-Zentrum Schwarzach","og_description":"Nous sommes \u00e0 votre disposition pour vous informer de mani\u00e8re comp\u00e9tente et sans engagement sur les d\u00e9tails des diff\u00e9rentes prestations que notre \u00e9quipe Bike-Zentrum vous propose.","og_url":"https:\/\/bike-zentrum.de\/shop\/","og_site_name":"Bike-Zentrum Schwarzach","article_modified_time":"2025-01-13T14:23:53+00:00","twitter_card":"summary_large_image","twitter_misc":{"Dur\u00e9e de lecture estim\u00e9e":"1 minute"},"schema":{"@context":"https:\/\/schema.org","@graph":[{"@type":"WebPage","@id":"https:\/\/bike-zentrum.de\/shop\/","url":"https:\/\/bike-zentrum.de\/shop\/","name":"Boutique - Bike-Zentrum Schwarzach","isPartOf":{"@id":"https:\/\/bike-zentrum.de\/#website"},"datePublished":"2025-01-13T14:05:41+00:00","dateModified":"2025-01-13T14:23:53+00:00","description":"Nous sommes \u00e0 votre disposition pour vous informer de mani\u00e8re comp\u00e9tente et sans engagement sur les d\u00e9tails des diff\u00e9rentes prestations que notre \u00e9quipe Bike-Zentrum vous propose.","breadcrumb":{"@id":"https:\/\/bike-zentrum.de\/shop\/#breadcrumb"},"inLanguage":"fr-FR","potentialAction":[{"@type":"ReadAction","target":["https:\/\/bike-zentrum.de\/shop\/"]}]},{"@type":"BreadcrumbList","@id":"https:\/\/bike-zentrum.de\/shop\/#breadcrumb","itemListElement":[{"@type":"ListItem","position":1,"name":"Startseite","item":"https:\/\/bike-zentrum.de\/fr\/"},{"@type":"ListItem","position":2,"name":"Boutique"}]},{"@type":"WebSite","@id":"https:\/\/bike-zentrum.de\/#website","url":"https:\/\/bike-zentrum.de\/","name":"Bike-Zentrum Schwarzach","description":"F\u00fcr jeden das passende Rad. Garantiert.","potentialAction":[{"@type":"SearchAction","target":{"@type":"EntryPoint","urlTemplate":"https:\/\/bike-zentrum.de\/?s={search_term_string}"},"query-input":{"@type":"PropertyValueSpecification","valueRequired":true,"valueName":"search_term_string"}}],"inLanguage":"fr-FR"}]}},"_links":{"self":[{"href":"https:\/\/bike-zentrum.de\/fr\/wp-json\/wp\/v2\/pages\/3252","targetHints":{"allow":["GET"]}}],"collection":[{"href":"https:\/\/bike-zentrum.de\/fr\/wp-json\/wp\/v2\/pages"}],"about":[{"href":"https:\/\/bike-zentrum.de\/fr\/wp-json\/wp\/v2\/types\/page"}],"author":[{"embeddable":true,"href":"https:\/\/bike-zentrum.de\/fr\/wp-json\/wp\/v2\/users\/1"}],"replies":[{"embeddable":true,"href":"https:\/\/bike-zentrum.de\/fr\/wp-json\/wp\/v2\/comments?post=3252"}],"version-history":[{"count":22,"href":"https:\/\/bike-zentrum.de\/fr\/wp-json\/wp\/v2\/pages\/3252\/revisions"}],"predecessor-version":[{"id":3288,"href":"https:\/\/bike-zentrum.de\/fr\/wp-json\/wp\/v2\/pages\/3252\/revisions\/3288"}],"wp:attachment":[{"href":"https:\/\/bike-zentrum.de\/fr\/wp-json\/wp\/v2\/media?parent=3252"}],"curies":[{"name":"wp","href":"https:\/\/api.w.org\/{rel}","templated":true}]}}